{"id":37,"date":"2019-08-18T23:15:25","date_gmt":"2019-08-18T23:15:25","guid":{"rendered":"http:\/\/esmeraldapublishing.com\/?page_id=37"},"modified":"2023-03-15T20:33:00","modified_gmt":"2023-03-15T20:33:00","slug":"about","status":"publish","type":"page","link":"https:\/\/esmeraldapublishing.com\/es\/about\/","title":{"rendered":"Misi\u00f3n"},"content":{"rendered":"<p>El espa\u00f1ol, idioma oficial en m\u00e1s de veinte pa\u00edses y hablado por m\u00e1s de 500 millones de personas, es una lengua pujante y uno de los principales veh\u00edculos de comunicaci\u00f3n internacional. Atrae a un n\u00famero creciente de estudiantes e interesados en sus diversas vertientes y expresiones culturales, entre las que la literatura ocupa un lugar destacado.<\/p>\n<p>Desde la publicaci\u00f3n del primer libro en espa\u00f1ol, en el siglo XV, a la fecha, las letras hisp\u00e1nicas han cobijado a varias de las joyas de la literatura universal, que en su mayor\u00eda duermen olvidadas en las bibliotecas p\u00fablicas y los archivos digitales de Espa\u00f1a e Hispanoam\u00e9rica. La oferta de t\u00edtulos cl\u00e1sicos en las plataformas comerciales es limitada y repetitiva, y los lectores se ven obligados a elegir entre libros de dudosa calidad o un n\u00famero limitado de t\u00edtulos a precios exorbitantes.<\/p>","protected":false},"excerpt":{"rendered":"<p>El espa\u00f1ol, idioma oficial en m\u00e1s de veinte pa\u00edses y hablado por m\u00e1s de 500 millones de personas, es una lengua pujante y uno de los principales veh\u00edculos de comunicaci\u00f3n internacional. Atrae a un n\u00famero creciente de estudiantes e interesados en sus diversas vertientes y expresiones culturales, entre las que la literatura ocupa un lugar [&hellip;]<\/p>\n","protected":false},"author":1,"featured_media":128,"parent":0,"menu_order":4,"comment_status":"closed","ping_status":"closed","template":"page-about.php","meta":{"_acf_changed":false,"footnotes":""},"class_list":["post-37","page","type-page","status-publish","has-post-thumbnail","hentry"],"acf":[],"yoast_head":"<!-- This site is optimized with the Yoast SEO plugin v27.4 - https:\/\/yoast.com\/product\/yoast-seo-wordpress\/ -->\n<title>Misi\u00f3n - Esmeralda Publishing<\/title>\n<meta name=\"robots\" content=\"index, follow, max-snippet:-1, max-image-preview:large, max-video-preview:-1\" \/>\n<link rel=\"canonical\" href=\"https:\/\/esmeraldapublishing.com\/about\/\" \/>\n<meta property=\"og:locale\" content=\"es_ES\" \/>\n<meta property=\"og:type\" content=\"article\" \/>\n<meta property=\"og:title\" content=\"[:en]Mission[:es]Misi\u00f3n[:] - Esmeralda Publishing\" \/>\n<meta property=\"og:description\" content=\"El espa\u00f1ol, idioma oficial en m\u00e1s de veinte pa\u00edses y hablado por m\u00e1s de 500 millones de personas, es una lengua pujante y uno de los principales veh\u00edculos de comunicaci\u00f3n internacional. Atrae a un n\u00famero creciente de estudiantes e interesados en sus diversas vertientes y expresiones culturales, entre las que la literatura ocupa un lugar [&hellip;]\" \/>\n<meta property=\"og:url\" content=\"https:\/\/esmeraldapublishing.com\/about\/\" \/>\n<meta property=\"og:site_name\" content=\"Esmeralda Publishing\" \/>\n<meta property=\"article:publisher\" content=\"https:\/\/www.facebook.com\/EsmeraldaPublishing\" \/>\n<meta property=\"article:modified_time\" content=\"2023-03-15T20:33:00+00:00\" \/>\n<meta property=\"og:image\" content=\"https:\/\/esmeraldapublishing.com\/wp-content\/uploads\/2019\/08\/blur-book-croissant-76942-min-min.jpg\" \/>\n\t<meta property=\"og:image:width\" content=\"1200\" \/>\n\t<meta property=\"og:image:height\" content=\"800\" \/>\n\t<meta property=\"og:image:type\" content=\"image\/jpeg\" \/>\n<meta name=\"twitter:card\" content=\"summary_large_image\" \/>\n<meta name=\"twitter:label1\" content=\"Tiempo de lectura\" \/>\n\t<meta name=\"twitter:data1\" content=\"1 minuto\" \/>\n<script type=\"application\/ld+json\" class=\"yoast-schema-graph\">{\"@context\":\"https:\\\/\\\/schema.org\",\"@graph\":[{\"@type\":\"WebPage\",\"@id\":\"https:\\\/\\\/esmeraldapublishing.com\\\/about\\\/\",\"url\":\"https:\\\/\\\/esmeraldapublishing.com\\\/about\\\/\",\"name\":\"[:en]Mission[:es]Misi\u00f3n[:] - Esmeralda Publishing\",\"isPartOf\":{\"@id\":\"https:\\\/\\\/esmeraldapublishing.com\\\/#website\"},\"primaryImageOfPage\":{\"@id\":\"https:\\\/\\\/esmeraldapublishing.com\\\/about\\\/#primaryimage\"},\"image\":{\"@id\":\"https:\\\/\\\/esmeraldapublishing.com\\\/about\\\/#primaryimage\"},\"thumbnailUrl\":\"https:\\\/\\\/esmeraldapublishing.com\\\/wp-content\\\/uploads\\\/2019\\\/08\\\/blur-book-croissant-76942-min-min.jpg\",\"datePublished\":\"2019-08-18T23:15:25+00:00\",\"dateModified\":\"2023-03-15T20:33:00+00:00\",\"breadcrumb\":{\"@id\":\"https:\\\/\\\/esmeraldapublishing.com\\\/about\\\/#breadcrumb\"},\"inLanguage\":\"es\",\"potentialAction\":[{\"@type\":\"ReadAction\",\"target\":[\"https:\\\/\\\/esmeraldapublishing.com\\\/about\\\/\"]}]},{\"@type\":\"ImageObject\",\"inLanguage\":\"es\",\"@id\":\"https:\\\/\\\/esmeraldapublishing.com\\\/about\\\/#primaryimage\",\"url\":\"https:\\\/\\\/esmeraldapublishing.com\\\/wp-content\\\/uploads\\\/2019\\\/08\\\/blur-book-croissant-76942-min-min.jpg\",\"contentUrl\":\"https:\\\/\\\/esmeraldapublishing.com\\\/wp-content\\\/uploads\\\/2019\\\/08\\\/blur-book-croissant-76942-min-min.jpg\",\"width\":1200,\"height\":800},{\"@type\":\"BreadcrumbList\",\"@id\":\"https:\\\/\\\/esmeraldapublishing.com\\\/about\\\/#breadcrumb\",\"itemListElement\":[{\"@type\":\"ListItem\",\"position\":1,\"name\":\"Home\",\"item\":\"https:\\\/\\\/esmeraldapublishing.com\\\/\"},{\"@type\":\"ListItem\",\"position\":2,\"name\":\"Mission\"}]},{\"@type\":\"WebSite\",\"@id\":\"https:\\\/\\\/esmeraldapublishing.com\\\/#website\",\"url\":\"https:\\\/\\\/esmeraldapublishing.com\\\/\",\"name\":\"Esmeralda Publishing\",\"description\":\"eBooks, Books, Audiobooks\",\"publisher\":{\"@id\":\"https:\\\/\\\/esmeraldapublishing.com\\\/#organization\"},\"potentialAction\":[{\"@type\":\"SearchAction\",\"target\":{\"@type\":\"EntryPoint\",\"urlTemplate\":\"https:\\\/\\\/esmeraldapublishing.com\\\/?s={search_term_string}\"},\"query-input\":{\"@type\":\"PropertyValueSpecification\",\"valueRequired\":true,\"valueName\":\"search_term_string\"}}],\"inLanguage\":\"es\"},{\"@type\":\"Organization\",\"@id\":\"https:\\\/\\\/esmeraldapublishing.com\\\/#organization\",\"name\":\"Esmeralda Publishing LLC\",\"url\":\"https:\\\/\\\/esmeraldapublishing.com\\\/\",\"logo\":{\"@type\":\"ImageObject\",\"inLanguage\":\"es\",\"@id\":\"https:\\\/\\\/esmeraldapublishing.com\\\/#\\\/schema\\\/logo\\\/image\\\/\",\"url\":\"http:\\\/\\\/esmeraldapublishing.com\\\/wp-content\\\/uploads\\\/2019\\\/09\\\/eme.png\",\"contentUrl\":\"http:\\\/\\\/esmeraldapublishing.com\\\/wp-content\\\/uploads\\\/2019\\\/09\\\/eme.png\",\"width\":320,\"height\":74,\"caption\":\"Esmeralda Publishing LLC\"},\"image\":{\"@id\":\"https:\\\/\\\/esmeraldapublishing.com\\\/#\\\/schema\\\/logo\\\/image\\\/\"},\"sameAs\":[\"https:\\\/\\\/www.facebook.com\\\/EsmeraldaPublishing\",\"https:\\\/\\\/www.instagram.com\\\/esmeraldapublishing\\\/\"]}]}<\/script>\n<!-- \/ Yoast SEO plugin. -->","yoast_head_json":{"title":"[:en]Mission[:es]Misi\u00f3n[:] - Esmeralda Publishing","robots":{"index":"index","follow":"follow","max-snippet":"max-snippet:-1","max-image-preview":"max-image-preview:large","max-video-preview":"max-video-preview:-1"},"canonical":"https:\/\/esmeraldapublishing.com\/about\/","og_locale":"es_ES","og_type":"article","og_title":"[:en]Mission[:es]Misi\u00f3n[:] - Esmeralda Publishing","og_description":"El espa\u00f1ol, idioma oficial en m\u00e1s de veinte pa\u00edses y hablado por m\u00e1s de 500 millones de personas, es una lengua pujante y uno de los principales veh\u00edculos de comunicaci\u00f3n internacional. Atrae a un n\u00famero creciente de estudiantes e interesados en sus diversas vertientes y expresiones culturales, entre las que la literatura ocupa un lugar [&hellip;]","og_url":"https:\/\/esmeraldapublishing.com\/about\/","og_site_name":"Esmeralda Publishing","article_publisher":"https:\/\/www.facebook.com\/EsmeraldaPublishing","article_modified_time":"2023-03-15T20:33:00+00:00","og_image":[{"width":1200,"height":800,"url":"https:\/\/esmeraldapublishing.com\/wp-content\/uploads\/2019\/08\/blur-book-croissant-76942-min-min.jpg","type":"image\/jpeg"}],"twitter_card":"summary_large_image","twitter_misc":{"Tiempo de lectura":"1 minuto"},"schema":{"@context":"https:\/\/schema.org","@graph":[{"@type":"WebPage","@id":"https:\/\/esmeraldapublishing.com\/about\/","url":"https:\/\/esmeraldapublishing.com\/about\/","name":"[:en]Mission[:es]Misi\u00f3n[:] - Esmeralda Publishing","isPartOf":{"@id":"https:\/\/esmeraldapublishing.com\/#website"},"primaryImageOfPage":{"@id":"https:\/\/esmeraldapublishing.com\/about\/#primaryimage"},"image":{"@id":"https:\/\/esmeraldapublishing.com\/about\/#primaryimage"},"thumbnailUrl":"https:\/\/esmeraldapublishing.com\/wp-content\/uploads\/2019\/08\/blur-book-croissant-76942-min-min.jpg","datePublished":"2019-08-18T23:15:25+00:00","dateModified":"2023-03-15T20:33:00+00:00","breadcrumb":{"@id":"https:\/\/esmeraldapublishing.com\/about\/#breadcrumb"},"inLanguage":"es","potentialAction":[{"@type":"ReadAction","target":["https:\/\/esmeraldapublishing.com\/about\/"]}]},{"@type":"ImageObject","inLanguage":"es","@id":"https:\/\/esmeraldapublishing.com\/about\/#primaryimage","url":"https:\/\/esmeraldapublishing.com\/wp-content\/uploads\/2019\/08\/blur-book-croissant-76942-min-min.jpg","contentUrl":"https:\/\/esmeraldapublishing.com\/wp-content\/uploads\/2019\/08\/blur-book-croissant-76942-min-min.jpg","width":1200,"height":800},{"@type":"BreadcrumbList","@id":"https:\/\/esmeraldapublishing.com\/about\/#breadcrumb","itemListElement":[{"@type":"ListItem","position":1,"name":"Home","item":"https:\/\/esmeraldapublishing.com\/"},{"@type":"ListItem","position":2,"name":"Mission"}]},{"@type":"WebSite","@id":"https:\/\/esmeraldapublishing.com\/#website","url":"https:\/\/esmeraldapublishing.com\/","name":"Esmeralda Publishing","description":"eBooks, Books, Audiobooks","publisher":{"@id":"https:\/\/esmeraldapublishing.com\/#organization"},"potentialAction":[{"@type":"SearchAction","target":{"@type":"EntryPoint","urlTemplate":"https:\/\/esmeraldapublishing.com\/?s={search_term_string}"},"query-input":{"@type":"PropertyValueSpecification","valueRequired":true,"valueName":"search_term_string"}}],"inLanguage":"es"},{"@type":"Organization","@id":"https:\/\/esmeraldapublishing.com\/#organization","name":"Esmeralda Publishing LLC","url":"https:\/\/esmeraldapublishing.com\/","logo":{"@type":"ImageObject","inLanguage":"es","@id":"https:\/\/esmeraldapublishing.com\/#\/schema\/logo\/image\/","url":"http:\/\/esmeraldapublishing.com\/wp-content\/uploads\/2019\/09\/eme.png","contentUrl":"http:\/\/esmeraldapublishing.com\/wp-content\/uploads\/2019\/09\/eme.png","width":320,"height":74,"caption":"Esmeralda Publishing LLC"},"image":{"@id":"https:\/\/esmeraldapublishing.com\/#\/schema\/logo\/image\/"},"sameAs":["https:\/\/www.facebook.com\/EsmeraldaPublishing","https:\/\/www.instagram.com\/esmeraldapublishing\/"]}]}},"_links":{"self":[{"href":"https:\/\/esmeraldapublishing.com\/es\/wp-json\/wp\/v2\/pages\/37","targetHints":{"allow":["GET"]}}],"collection":[{"href":"https:\/\/esmeraldapublishing.com\/es\/wp-json\/wp\/v2\/pages"}],"about":[{"href":"https:\/\/esmeraldapublishing.com\/es\/wp-json\/wp\/v2\/types\/page"}],"author":[{"embeddable":true,"href":"https:\/\/esmeraldapublishing.com\/es\/wp-json\/wp\/v2\/users\/1"}],"replies":[{"embeddable":true,"href":"https:\/\/esmeraldapublishing.com\/es\/wp-json\/wp\/v2\/comments?post=37"}],"version-history":[{"count":5,"href":"https:\/\/esmeraldapublishing.com\/es\/wp-json\/wp\/v2\/pages\/37\/revisions"}],"predecessor-version":[{"id":464,"href":"https:\/\/esmeraldapublishing.com\/es\/wp-json\/wp\/v2\/pages\/37\/revisions\/464"}],"wp:featuredmedia":[{"embeddable":true,"href":"https:\/\/esmeraldapublishing.com\/es\/wp-json\/wp\/v2\/media\/128"}],"wp:attachment":[{"href":"https:\/\/esmeraldapublishing.com\/es\/wp-json\/wp\/v2\/media?parent=37"}],"curies":[{"name":"wp","href":"https:\/\/api.w.org\/{rel}","templated":true}]}}